{"id":667,"date":"2022-04-01T01:25:46","date_gmt":"2022-04-01T01:25:46","guid":{"rendered":"https:\/\/asmacmr.com\/qui-sommes-nous\/"},"modified":"2022-04-28T15:43:18","modified_gmt":"2022-04-28T15:43:18","slug":"qui-sommes-nous","status":"publish","type":"page","link":"https:\/\/asmacmr.com\/fr\/qui-sommes-nous\/","title":{"rendered":"QUI SOMMES-NOUS"},"content":{"rendered":"\t\t<div data-elementor-type=\"wp-page\" data-elementor-id=\"667\" class=\"elementor elementor-667 elementor-14\">\n\t\t\t\t\t\t<section class=\"elementor-section elementor-top-section elementor-element elementor-element-68ddeed elementor-section-height-min-height animated-slow elementor-section-boxed elementor-section-height-default elementor-section-items-middle elementor-invisible\" data-id=\"68ddeed\" data-element_type=\"section\" data-e-type=\"section\" data-settings=\"{&quot;background_background&quot;:&quot;classic&quot;,&quot;animation&quot;:&quot;zoomIn&quot;}\">\n\t\t\t\t\t\t\t<div class=\"elementor-background-overlay\"><\/div>\n\t\t\t\t\t\t\t<div class=\"elementor-container elementor-column-gap-default\">\n\t\t\t\t\t<div class=\"elementor-column elementor-col-100 elementor-top-column elementor-element elementor-element-1d9712b\" data-id=\"1d9712b\" data-element_type=\"column\" data-e-type=\"column\">\n\t\t\t<div class=\"elementor-widget-wrap elementor-element-populated\">\n\t\t\t\t\t\t\t<\/div>\n\t\t<\/div>\n\t\t\t\t\t<\/div>\n\t\t<\/section>\n\t\t\t\t<section class=\"elementor-section elementor-top-section elementor-element elementor-element-a558207 elementor-section-boxed elementor-section-height-default elementor-section-height-default\" data-id=\"a558207\" data-element_type=\"section\" data-e-type=\"section\">\n\t\t\t\t\t\t<div class=\"elementor-container elementor-column-gap-no\">\n\t\t\t\t\t<div class=\"elementor-column elementor-col-50 elementor-top-column elementor-element elementor-element-06f771d animated-slow elementor-invisible\" data-id=\"06f771d\" data-element_type=\"column\" data-e-type=\"column\" data-settings=\"{&quot;animation&quot;:&quot;fadeInLeft&quot;}\">\n\t\t\t<div class=\"elementor-widget-wrap elementor-element-populated\">\n\t\t\t\t\t\t<div class=\"elementor-element elementor-element-840de41 elementor-widget elementor-widget-image\" data-id=\"840de41\" data-element_type=\"widget\" data-e-type=\"widget\" data-widget_type=\"image.default\">\n\t\t\t\t<div class=\"elementor-widget-container\">\n\t\t\t\t\t\t\t\t\t\t\t\t\t\t\t<img fetchpriority=\"high\" decoding=\"async\" width=\"1024\" height=\"691\" src=\"https:\/\/asmacmr.com\/wp-content\/uploads\/2022\/04\/Who-are-we-picture-1024x691.jpg\" class=\"attachment-large size-large wp-image-825\" alt=\"\" srcset=\"https:\/\/asmacmr.com\/wp-content\/uploads\/2022\/04\/Who-are-we-picture-1024x691.jpg 1024w, https:\/\/asmacmr.com\/wp-content\/uploads\/2022\/04\/Who-are-we-picture-300x202.jpg 300w, https:\/\/asmacmr.com\/wp-content\/uploads\/2022\/04\/Who-are-we-picture-768x518.jpg 768w, https:\/\/asmacmr.com\/wp-content\/uploads\/2022\/04\/Who-are-we-picture.jpg 1298w\" sizes=\"(max-width: 1024px) 100vw, 1024px\" \/>\t\t\t\t\t\t\t\t\t\t\t\t\t\t\t<\/div>\n\t\t\t\t<\/div>\n\t\t\t\t\t<\/div>\n\t\t<\/div>\n\t\t\t\t<div class=\"elementor-column elementor-col-50 elementor-top-column elementor-element elementor-element-2d1428d animated-slow elementor-invisible\" data-id=\"2d1428d\" data-element_type=\"column\" data-e-type=\"column\" data-settings=\"{&quot;animation&quot;:&quot;fadeInRight&quot;}\">\n\t\t\t<div class=\"elementor-widget-wrap elementor-element-populated\">\n\t\t\t\t\t\t<div class=\"elementor-element elementor-element-6192e1b elementor-widget elementor-widget-heading\" data-id=\"6192e1b\" data-element_type=\"widget\" data-e-type=\"widget\" data-widget_type=\"heading.default\">\n\t\t\t\t<div class=\"elementor-widget-container\">\n\t\t\t\t\t<h2 class=\"elementor-heading-title elementor-size-default\">QUI SOMMES-NOUS<\/h2>\t\t\t\t<\/div>\n\t\t\t\t<\/div>\n\t\t\t\t<div class=\"elementor-element elementor-element-3c0e501 elementor-widget elementor-widget-text-editor\" data-id=\"3c0e501\" data-element_type=\"widget\" data-e-type=\"widget\" data-widget_type=\"text-editor.default\">\n\t\t\t\t<div class=\"elementor-widget-container\">\n\t\t\t\t\t\t\t\t\t<p><span data-sheets-value=\"{&quot;1&quot;:2,&quot;2&quot;:&quot;Depuis plus de 12 ans, ASSISTANCE ET SERVICES MOTEURS D'AFRIQUE \u00ab A.S.M.A\u00bb, a d\u00e9velopp\u00e9 son positionnement sur les missions de maintenance des unit\u00e9s de production d'\u00e9lectricit\u00e9 des centrales thermiques, hydrauliques et tous auxiliaires associ\u00e9s ; \\nActuellement agr\u00e9\u00e9 par ENEO Cameroun (l\u2019\u00c9nergie du Cameroun), sous la r\u00e9f\u00e9rence F1-RF4 pour la maintenance et l'exploitation des centrales thermiques et la fourniture de pi\u00e8ces d\u00e9tach\u00e9es OEM et la  mise \u00e0 disposition d'experts techniques: techniciens, superintendents, sp\u00e9cialiste PLC et Contr\u00f4les Commandes, sp\u00e9cialiste d'injection, sp\u00e9cialiste des G\u00e9n\u00e9rateurs ABB, Converteam et Leroy Somer, \\n pour l'exploitation et la maintenance de ces derni\u00e8res.\\n&quot;}\" data-sheets-userformat=\"{&quot;2&quot;:513,&quot;3&quot;:{&quot;1&quot;:0},&quot;12&quot;:0}\">Depuis plus de 12 ans, ASSISTANCE ET SERVICES MOTEURS D&rsquo;AFRIQUE \u00ab A.S.M.A\u00bb, a d\u00e9velopp\u00e9 son positionnement sur les missions de maintenance des unit\u00e9s de production d&rsquo;\u00e9lectricit\u00e9 des centrales thermiques, hydrauliques et tous auxiliaires associ\u00e9s ;<br \/>\nActuellement agr\u00e9\u00e9 par ENEO Cameroun (l\u2019\u00c9nergie du Cameroun), sous la r\u00e9f\u00e9rence F1-RF4 pour la maintenance et l&rsquo;exploitation des centrales thermiques et la fourniture de pi\u00e8ces d\u00e9tach\u00e9es OEM et la mise \u00e0 disposition d&rsquo;experts techniques: techniciens, superintendents, sp\u00e9cialiste PLC et Contr\u00f4les Commandes, sp\u00e9cialiste d&rsquo;injection, sp\u00e9cialiste des G\u00e9n\u00e9rateurs ABB, Converteam et Leroy Somer,<br \/>\npour l&rsquo;exploitation et la maintenance de ces derni\u00e8res.<br \/>\n<\/span><\/p>\n\t\t\t\t\t\t\t\t<\/div>\n\t\t\t\t<\/div>\n\t\t\t\t\t<\/div>\n\t\t<\/div>\n\t\t\t\t\t<\/div>\n\t\t<\/section>\n\t\t\t\t<\/div>\n\t\t","protected":false},"excerpt":{"rendered":"<p>QUI SOMMES-NOUS Depuis plus de 12 ans, ASSISTANCE ET SERVICES MOTEURS D&rsquo;AFRIQUE \u00ab A.S.M.A\u00bb, a d\u00e9velopp\u00e9 son positionnement sur les missions de maintenance des unit\u00e9s de production d&rsquo;\u00e9lectricit\u00e9 des centrales thermiques, hydrauliques et tous auxiliaires associ\u00e9s ; Actuellement agr\u00e9\u00e9 par ENEO Cameroun (l\u2019\u00c9nergie du Cameroun), sous la r\u00e9f\u00e9rence F1-RF4 pour la maintenance et l&rsquo;exploitation des &hellip;<\/p>\n<p class=\"read-more\"> <a class=\"\" href=\"https:\/\/asmacmr.com\/fr\/qui-sommes-nous\/\"> <span class=\"screen-reader-text\">QUI SOMMES-NOUS<\/span> Lire la suite\u00a0\u00bb<\/a><\/p>\n","protected":false},"author":1,"featured_media":0,"parent":0,"menu_order":0,"comment_status":"closed","ping_status":"closed","template":"elementor_header_footer","meta":{"site-sidebar-layout":"no-sidebar","site-content-layout":"page-builder","ast-main-header-display":"","ast-hfb-above-header-display":"","ast-hfb-below-header-display":"","ast-hfb-mobile-header-display":"","site-post-title":"disabled","ast-breadcrumbs-content":"","ast-featured-img":"disabled","footer-sml-layout":"","theme-transparent-header-meta":"","adv-header-id-meta":"","stick-header-meta":"","header-above-stick-meta":"","header-main-stick-meta":"","header-below-stick-meta":"","footnotes":""},"class_list":["post-667","page","type-page","status-publish","hentry"],"yoast_head":"<!-- This site is optimized with the Yoast SEO plugin v27.1.1 - https:\/\/yoast.com\/product\/yoast-seo-wordpress\/ -->\n<title>QUI SOMMES-NOUS - ASMA<\/title>\n<meta name=\"robots\" content=\"index, follow, max-snippet:-1, max-image-preview:large, max-video-preview:-1\" \/>\n<link rel=\"canonical\" href=\"https:\/\/asmacmr.com\/fr\/qui-sommes-nous\/\" \/>\n<meta property=\"og:locale\" content=\"fr_FR\" \/>\n<meta property=\"og:type\" content=\"article\" \/>\n<meta property=\"og:title\" content=\"QUI SOMMES-NOUS - ASMA\" \/>\n<meta property=\"og:description\" content=\"QUI SOMMES-NOUS Depuis plus de 12 ans, ASSISTANCE ET SERVICES MOTEURS D&rsquo;AFRIQUE \u00ab A.S.M.A\u00bb, a d\u00e9velopp\u00e9 son positionnement sur les missions de maintenance des unit\u00e9s de production d&rsquo;\u00e9lectricit\u00e9 des centrales thermiques, hydrauliques et tous auxiliaires associ\u00e9s ; Actuellement agr\u00e9\u00e9 par ENEO Cameroun (l\u2019\u00c9nergie du Cameroun), sous la r\u00e9f\u00e9rence F1-RF4 pour la maintenance et l&rsquo;exploitation des &hellip; QUI SOMMES-NOUS Lire la suite\u00a0\u00bb\" \/>\n<meta property=\"og:url\" content=\"https:\/\/asmacmr.com\/fr\/qui-sommes-nous\/\" \/>\n<meta property=\"og:site_name\" content=\"ASMA\" \/>\n<meta property=\"article:modified_time\" content=\"2022-04-28T15:43:18+00:00\" \/>\n<meta property=\"og:image\" content=\"https:\/\/asmacmr.com\/wp-content\/uploads\/2022\/04\/Who-are-we-picture-1024x691.jpg\" \/>\n<meta name=\"twitter:card\" content=\"summary_large_image\" \/>\n<meta name=\"twitter:label1\" content=\"Dur\u00e9e de lecture estim\u00e9e\" \/>\n\t<meta name=\"twitter:data1\" content=\"1 minute\" \/>\n<script type=\"application\/ld+json\" class=\"yoast-schema-graph\">{\"@context\":\"https:\/\/schema.org\",\"@graph\":[{\"@type\":\"WebPage\",\"@id\":\"https:\/\/asmacmr.com\/fr\/qui-sommes-nous\/\",\"url\":\"https:\/\/asmacmr.com\/fr\/qui-sommes-nous\/\",\"name\":\"QUI SOMMES-NOUS - ASMA\",\"isPartOf\":{\"@id\":\"https:\/\/asmacmr.com\/#website\"},\"primaryImageOfPage\":{\"@id\":\"https:\/\/asmacmr.com\/fr\/qui-sommes-nous\/#primaryimage\"},\"image\":{\"@id\":\"https:\/\/asmacmr.com\/fr\/qui-sommes-nous\/#primaryimage\"},\"thumbnailUrl\":\"https:\/\/asmacmr.com\/wp-content\/uploads\/2022\/04\/Who-are-we-picture-1024x691.jpg\",\"datePublished\":\"2022-04-01T01:25:46+00:00\",\"dateModified\":\"2022-04-28T15:43:18+00:00\",\"breadcrumb\":{\"@id\":\"https:\/\/asmacmr.com\/fr\/qui-sommes-nous\/#breadcrumb\"},\"inLanguage\":\"fr-FR\",\"potentialAction\":[{\"@type\":\"ReadAction\",\"target\":[\"https:\/\/asmacmr.com\/fr\/qui-sommes-nous\/\"]}]},{\"@type\":\"ImageObject\",\"inLanguage\":\"fr-FR\",\"@id\":\"https:\/\/asmacmr.com\/fr\/qui-sommes-nous\/#primaryimage\",\"url\":\"https:\/\/asmacmr.com\/wp-content\/uploads\/2022\/04\/Who-are-we-picture-1024x691.jpg\",\"contentUrl\":\"https:\/\/asmacmr.com\/wp-content\/uploads\/2022\/04\/Who-are-we-picture-1024x691.jpg\"},{\"@type\":\"BreadcrumbList\",\"@id\":\"https:\/\/asmacmr.com\/fr\/qui-sommes-nous\/#breadcrumb\",\"itemListElement\":[{\"@type\":\"ListItem\",\"position\":1,\"name\":\"Home\",\"item\":\"https:\/\/asmacmr.com\/fr\/\"},{\"@type\":\"ListItem\",\"position\":2,\"name\":\"QUI SOMMES-NOUS\"}]},{\"@type\":\"WebSite\",\"@id\":\"https:\/\/asmacmr.com\/#website\",\"url\":\"https:\/\/asmacmr.com\/\",\"name\":\"ASMA\",\"description\":\"Maintenance des groupes \u00e9lectrog\u00e8nes de production d\u2019\u00e9nergie dans les centrales thermiques et l\u2019ensemble des auxiliaires y aff\u00e9rant.\",\"potentialAction\":[{\"@type\":\"SearchAction\",\"target\":{\"@type\":\"EntryPoint\",\"urlTemplate\":\"https:\/\/asmacmr.com\/?s={search_term_string}\"},\"query-input\":{\"@type\":\"PropertyValueSpecification\",\"valueRequired\":true,\"valueName\":\"search_term_string\"}}],\"inLanguage\":\"fr-FR\"}]}<\/script>\n<!-- \/ Yoast SEO plugin. -->","yoast_head_json":{"title":"QUI SOMMES-NOUS - ASMA","robots":{"index":"index","follow":"follow","max-snippet":"max-snippet:-1","max-image-preview":"max-image-preview:large","max-video-preview":"max-video-preview:-1"},"canonical":"https:\/\/asmacmr.com\/fr\/qui-sommes-nous\/","og_locale":"fr_FR","og_type":"article","og_title":"QUI SOMMES-NOUS - ASMA","og_description":"QUI SOMMES-NOUS Depuis plus de 12 ans, ASSISTANCE ET SERVICES MOTEURS D&rsquo;AFRIQUE \u00ab A.S.M.A\u00bb, a d\u00e9velopp\u00e9 son positionnement sur les missions de maintenance des unit\u00e9s de production d&rsquo;\u00e9lectricit\u00e9 des centrales thermiques, hydrauliques et tous auxiliaires associ\u00e9s ; Actuellement agr\u00e9\u00e9 par ENEO Cameroun (l\u2019\u00c9nergie du Cameroun), sous la r\u00e9f\u00e9rence F1-RF4 pour la maintenance et l&rsquo;exploitation des &hellip; QUI SOMMES-NOUS Lire la suite\u00a0\u00bb","og_url":"https:\/\/asmacmr.com\/fr\/qui-sommes-nous\/","og_site_name":"ASMA","article_modified_time":"2022-04-28T15:43:18+00:00","og_image":[{"url":"https:\/\/asmacmr.com\/wp-content\/uploads\/2022\/04\/Who-are-we-picture-1024x691.jpg","type":"","width":"","height":""}],"twitter_card":"summary_large_image","twitter_misc":{"Dur\u00e9e de lecture estim\u00e9e":"1 minute"},"schema":{"@context":"https:\/\/schema.org","@graph":[{"@type":"WebPage","@id":"https:\/\/asmacmr.com\/fr\/qui-sommes-nous\/","url":"https:\/\/asmacmr.com\/fr\/qui-sommes-nous\/","name":"QUI SOMMES-NOUS - ASMA","isPartOf":{"@id":"https:\/\/asmacmr.com\/#website"},"primaryImageOfPage":{"@id":"https:\/\/asmacmr.com\/fr\/qui-sommes-nous\/#primaryimage"},"image":{"@id":"https:\/\/asmacmr.com\/fr\/qui-sommes-nous\/#primaryimage"},"thumbnailUrl":"https:\/\/asmacmr.com\/wp-content\/uploads\/2022\/04\/Who-are-we-picture-1024x691.jpg","datePublished":"2022-04-01T01:25:46+00:00","dateModified":"2022-04-28T15:43:18+00:00","breadcrumb":{"@id":"https:\/\/asmacmr.com\/fr\/qui-sommes-nous\/#breadcrumb"},"inLanguage":"fr-FR","potentialAction":[{"@type":"ReadAction","target":["https:\/\/asmacmr.com\/fr\/qui-sommes-nous\/"]}]},{"@type":"ImageObject","inLanguage":"fr-FR","@id":"https:\/\/asmacmr.com\/fr\/qui-sommes-nous\/#primaryimage","url":"https:\/\/asmacmr.com\/wp-content\/uploads\/2022\/04\/Who-are-we-picture-1024x691.jpg","contentUrl":"https:\/\/asmacmr.com\/wp-content\/uploads\/2022\/04\/Who-are-we-picture-1024x691.jpg"},{"@type":"BreadcrumbList","@id":"https:\/\/asmacmr.com\/fr\/qui-sommes-nous\/#breadcrumb","itemListElement":[{"@type":"ListItem","position":1,"name":"Home","item":"https:\/\/asmacmr.com\/fr\/"},{"@type":"ListItem","position":2,"name":"QUI SOMMES-NOUS"}]},{"@type":"WebSite","@id":"https:\/\/asmacmr.com\/#website","url":"https:\/\/asmacmr.com\/","name":"ASMA","description":"Maintenance des groupes \u00e9lectrog\u00e8nes de production d\u2019\u00e9nergie dans les centrales thermiques et l\u2019ensemble des auxiliaires y aff\u00e9rant.","potentialAction":[{"@type":"SearchAction","target":{"@type":"EntryPoint","urlTemplate":"https:\/\/asmacmr.com\/?s={search_term_string}"},"query-input":{"@type":"PropertyValueSpecification","valueRequired":true,"valueName":"search_term_string"}}],"inLanguage":"fr-FR"}]}},"_links":{"self":[{"href":"https:\/\/asmacmr.com\/fr\/wp-json\/wp\/v2\/pages\/667","targetHints":{"allow":["GET"]}}],"collection":[{"href":"https:\/\/asmacmr.com\/fr\/wp-json\/wp\/v2\/pages"}],"about":[{"href":"https:\/\/asmacmr.com\/fr\/wp-json\/wp\/v2\/types\/page"}],"author":[{"embeddable":true,"href":"https:\/\/asmacmr.com\/fr\/wp-json\/wp\/v2\/users\/1"}],"replies":[{"embeddable":true,"href":"https:\/\/asmacmr.com\/fr\/wp-json\/wp\/v2\/comments?post=667"}],"version-history":[{"count":7,"href":"https:\/\/asmacmr.com\/fr\/wp-json\/wp\/v2\/pages\/667\/revisions"}],"predecessor-version":[{"id":1331,"href":"https:\/\/asmacmr.com\/fr\/wp-json\/wp\/v2\/pages\/667\/revisions\/1331"}],"wp:attachment":[{"href":"https:\/\/asmacmr.com\/fr\/wp-json\/wp\/v2\/media?parent=667"}],"curies":[{"name":"wp","href":"https:\/\/api.w.org\/{rel}","templated":true}]}}