{"id":679,"date":"2022-04-01T01:50:33","date_gmt":"2022-04-01T01:50:33","guid":{"rendered":"https:\/\/asmacmr.com\/mmps\/"},"modified":"2022-04-22T08:16:36","modified_gmt":"2022-04-22T08:16:36","slug":"mmps","status":"publish","type":"page","link":"https:\/\/asmacmr.com\/fr\/mmps\/","title":{"rendered":"MMPS"},"content":{"rendered":"\t\t<div data-elementor-type=\"wp-page\" data-elementor-id=\"679\" class=\"elementor elementor-679 elementor-17\">\n\t\t\t\t\t\t<section class=\"elementor-section elementor-top-section elementor-element elementor-element-94e80b4 elementor-section-height-min-height animated-slow elementor-section-boxed elementor-section-height-default elementor-section-items-middle elementor-invisible\" data-id=\"94e80b4\" data-element_type=\"section\" data-e-type=\"section\" data-settings=\"{&quot;background_background&quot;:&quot;classic&quot;,&quot;animation&quot;:&quot;zoomIn&quot;}\">\n\t\t\t\t\t\t\t<div class=\"elementor-background-overlay\"><\/div>\n\t\t\t\t\t\t\t<div class=\"elementor-container elementor-column-gap-default\">\n\t\t\t\t\t<div class=\"elementor-column elementor-col-100 elementor-top-column elementor-element elementor-element-dd5fe64\" data-id=\"dd5fe64\" data-element_type=\"column\" data-e-type=\"column\">\n\t\t\t<div class=\"elementor-widget-wrap elementor-element-populated\">\n\t\t\t\t\t\t<div class=\"elementor-element elementor-element-640b1af elementor-widget elementor-widget-heading\" data-id=\"640b1af\" data-element_type=\"widget\" data-e-type=\"widget\" data-widget_type=\"heading.default\">\n\t\t\t\t<div class=\"elementor-widget-container\">\n\t\t\t\t\t<h1 class=\"elementor-heading-title elementor-size-default\">MMPS Central Africa<\/h1>\t\t\t\t<\/div>\n\t\t\t\t<\/div>\n\t\t\t\t\t<\/div>\n\t\t<\/div>\n\t\t\t\t\t<\/div>\n\t\t<\/section>\n\t\t\t\t<section class=\"elementor-section elementor-top-section elementor-element elementor-element-ad6a6a0 elementor-section-boxed elementor-section-height-default elementor-section-height-default\" data-id=\"ad6a6a0\" data-element_type=\"section\" data-e-type=\"section\" data-settings=\"{&quot;background_background&quot;:&quot;classic&quot;}\">\n\t\t\t\t\t\t<div class=\"elementor-container elementor-column-gap-default\">\n\t\t\t\t\t<div class=\"elementor-column elementor-col-100 elementor-top-column elementor-element elementor-element-343f001\" data-id=\"343f001\" data-element_type=\"column\" data-e-type=\"column\">\n\t\t\t<div class=\"elementor-widget-wrap elementor-element-populated\">\n\t\t\t\t\t\t<section class=\"elementor-section elementor-inner-section elementor-element elementor-element-a0e3d06 elementor-section-content-middle elementor-section-boxed elementor-section-height-default elementor-section-height-default\" data-id=\"a0e3d06\" data-element_type=\"section\" data-e-type=\"section\">\n\t\t\t\t\t\t<div class=\"elementor-container elementor-column-gap-default\">\n\t\t\t\t\t<div class=\"elementor-column elementor-col-50 elementor-inner-column elementor-element elementor-element-834eef7\" data-id=\"834eef7\" data-element_type=\"column\" data-e-type=\"column\">\n\t\t\t<div class=\"elementor-widget-wrap elementor-element-populated\">\n\t\t\t\t\t\t<div class=\"elementor-element elementor-element-8847346 elementor-widget elementor-widget-text-editor\" data-id=\"8847346\" data-element_type=\"widget\" data-e-type=\"widget\" data-widget_type=\"text-editor.default\">\n\t\t\t\t<div class=\"elementor-widget-container\">\n\t\t\t\t\t\t\t\t\tMarine Motors Power Services Central Africa, une entreprise qui fournit des pi\u00e8ces de rechange et des services de maintenance \u00e0 partir de plusieurs sites en Afrique pour les moteurs diesel\/gaz, turbocompresseurs, s\u00e9parateurs et autres moteurs auxiliaires depuis plus de 12 ans.\t\t\t\t\t\t\t\t<\/div>\n\t\t\t\t<\/div>\n\t\t\t\t\t<\/div>\n\t\t<\/div>\n\t\t\t\t<div class=\"elementor-column elementor-col-50 elementor-inner-column elementor-element elementor-element-6b8944b\" data-id=\"6b8944b\" data-element_type=\"column\" data-e-type=\"column\">\n\t\t\t<div class=\"elementor-widget-wrap elementor-element-populated\">\n\t\t\t\t\t\t<div class=\"elementor-element elementor-element-6e2c1d3 elementor-widget elementor-widget-image\" data-id=\"6e2c1d3\" data-element_type=\"widget\" data-e-type=\"widget\" data-widget_type=\"image.default\">\n\t\t\t\t<div class=\"elementor-widget-container\">\n\t\t\t\t\t\t\t\t\t\t\t\t\t\t\t<img fetchpriority=\"high\" decoding=\"async\" width=\"1024\" height=\"683\" src=\"https:\/\/asmacmr.com\/wp-content\/uploads\/2022\/04\/Picture-to-mix-with-logo-MMPS-1024x683.jpeg\" class=\"attachment-large size-large wp-image-990\" alt=\"\" srcset=\"https:\/\/asmacmr.com\/wp-content\/uploads\/2022\/04\/Picture-to-mix-with-logo-MMPS-1024x683.jpeg 1024w, https:\/\/asmacmr.com\/wp-content\/uploads\/2022\/04\/Picture-to-mix-with-logo-MMPS-300x200.jpeg 300w, https:\/\/asmacmr.com\/wp-content\/uploads\/2022\/04\/Picture-to-mix-with-logo-MMPS-768x512.jpeg 768w, https:\/\/asmacmr.com\/wp-content\/uploads\/2022\/04\/Picture-to-mix-with-logo-MMPS-1536x1024.jpeg 1536w, https:\/\/asmacmr.com\/wp-content\/uploads\/2022\/04\/Picture-to-mix-with-logo-MMPS-2048x1365.jpeg 2048w\" sizes=\"(max-width: 1024px) 100vw, 1024px\" \/>\t\t\t\t\t\t\t\t\t\t\t\t\t\t\t<\/div>\n\t\t\t\t<\/div>\n\t\t\t\t\t<\/div>\n\t\t<\/div>\n\t\t\t\t\t<\/div>\n\t\t<\/section>\n\t\t\t\t\t<\/div>\n\t\t<\/div>\n\t\t\t\t\t<\/div>\n\t\t<\/section>\n\t\t\t\t<section class=\"elementor-section elementor-top-section elementor-element elementor-element-9580bb8 elementor-section-height-min-height animated-slow elementor-section-boxed elementor-section-height-default elementor-section-items-middle elementor-invisible\" data-id=\"9580bb8\" data-element_type=\"section\" data-e-type=\"section\" data-settings=\"{&quot;background_background&quot;:&quot;classic&quot;,&quot;animation&quot;:&quot;zoomInUp&quot;}\">\n\t\t\t\t\t\t<div class=\"elementor-container elementor-column-gap-default\">\n\t\t\t\t\t<div class=\"elementor-column elementor-col-100 elementor-top-column elementor-element elementor-element-f22db08\" data-id=\"f22db08\" data-element_type=\"column\" data-e-type=\"column\">\n\t\t\t<div class=\"elementor-widget-wrap elementor-element-populated\">\n\t\t\t\t\t\t<div class=\"elementor-element elementor-element-9cc5f7a elementor-widget elementor-widget-heading\" data-id=\"9cc5f7a\" data-element_type=\"widget\" data-e-type=\"widget\" data-widget_type=\"heading.default\">\n\t\t\t\t<div class=\"elementor-widget-container\">\n\t\t\t\t\t<h2 class=\"elementor-heading-title elementor-size-default\">services<\/h2>\t\t\t\t<\/div>\n\t\t\t\t<\/div>\n\t\t\t\t\t<\/div>\n\t\t<\/div>\n\t\t\t\t\t<\/div>\n\t\t<\/section>\n\t\t\t\t<section class=\"elementor-section elementor-top-section elementor-element elementor-element-6f0d74c elementor-section-boxed elementor-section-height-default elementor-section-height-default\" data-id=\"6f0d74c\" data-element_type=\"section\" data-e-type=\"section\">\n\t\t\t\t\t\t<div class=\"elementor-container elementor-column-gap-no\">\n\t\t\t\t\t<div class=\"elementor-column elementor-col-50 elementor-top-column elementor-element elementor-element-c557831 animated-slow elementor-invisible\" data-id=\"c557831\" data-element_type=\"column\" data-e-type=\"column\" data-settings=\"{&quot;animation&quot;:&quot;rotateInDownLeft&quot;}\">\n\t\t\t<div class=\"elementor-widget-wrap elementor-element-populated\">\n\t\t\t\t\t\t<div class=\"elementor-element elementor-element-92ab407 elementor-widget elementor-widget-image\" data-id=\"92ab407\" data-element_type=\"widget\" data-e-type=\"widget\" data-widget_type=\"image.default\">\n\t\t\t\t<div class=\"elementor-widget-container\">\n\t\t\t\t\t\t\t\t\t\t\t\t\t\t\t<img decoding=\"async\" width=\"1024\" height=\"476\" src=\"https:\/\/asmacmr.com\/wp-content\/uploads\/2022\/03\/Culasse-reconditionning-1024x476.jpg\" class=\"attachment-large size-large wp-image-596\" alt=\"\" srcset=\"https:\/\/asmacmr.com\/wp-content\/uploads\/2022\/03\/Culasse-reconditionning-1024x476.jpg 1024w, https:\/\/asmacmr.com\/wp-content\/uploads\/2022\/03\/Culasse-reconditionning-300x139.jpg 300w, https:\/\/asmacmr.com\/wp-content\/uploads\/2022\/03\/Culasse-reconditionning-768x357.jpg 768w, https:\/\/asmacmr.com\/wp-content\/uploads\/2022\/03\/Culasse-reconditionning-1536x714.jpg 1536w, https:\/\/asmacmr.com\/wp-content\/uploads\/2022\/03\/Culasse-reconditionning-2048x952.jpg 2048w\" sizes=\"(max-width: 1024px) 100vw, 1024px\" \/>\t\t\t\t\t\t\t\t\t\t\t\t\t\t\t<\/div>\n\t\t\t\t<\/div>\n\t\t\t\t\t<\/div>\n\t\t<\/div>\n\t\t\t\t<div class=\"elementor-column elementor-col-50 elementor-top-column elementor-element elementor-element-1f102c9 animated-slow elementor-invisible\" data-id=\"1f102c9\" data-element_type=\"column\" data-e-type=\"column\" data-settings=\"{&quot;animation&quot;:&quot;rotateInDownRight&quot;}\">\n\t\t\t<div class=\"elementor-widget-wrap elementor-element-populated\">\n\t\t\t\t\t\t<div class=\"elementor-element elementor-element-595287a elementor-widget elementor-widget-text-editor\" data-id=\"595287a\" data-element_type=\"widget\" data-e-type=\"widget\" data-widget_type=\"text-editor.default\">\n\t\t\t\t<div class=\"elementor-widget-container\">\n\t\t\t\t\t\t\t\t\t<p>Gestion et assistance aux projets de r\u00e9vision et de pr\u00e9paration technique.<br \/>\nNous fournissons:<\/p>\n\t\t\t\t\t\t\t\t<\/div>\n\t\t\t\t<\/div>\n\t\t\t\t<div class=\"elementor-element elementor-element-01b1728 elementor-mobile-align-start elementor-icon-list--layout-traditional elementor-list-item-link-full_width elementor-widget elementor-widget-icon-list\" data-id=\"01b1728\" data-element_type=\"widget\" data-e-type=\"widget\" data-widget_type=\"icon-list.default\">\n\t\t\t\t<div class=\"elementor-widget-container\">\n\t\t\t\t\t\t\t<ul class=\"elementor-icon-list-items\">\n\t\t\t\t\t\t\t<li class=\"elementor-icon-list-item\">\n\t\t\t\t\t\t\t\t\t\t\t<span class=\"elementor-icon-list-icon\">\n\t\t\t\t\t\t\t<i aria-hidden=\"true\" class=\"fas fa-check-circle\"><\/i>\t\t\t\t\t\t<\/span>\n\t\t\t\t\t\t\t\t\t\t<span class=\"elementor-icon-list-text\">R\u00e9vision de la culasse,<\/span>\n\t\t\t\t\t\t\t\t\t<\/li>\n\t\t\t\t\t\t\t\t<li class=\"elementor-icon-list-item\">\n\t\t\t\t\t\t\t\t\t\t\t<span class=\"elementor-icon-list-icon\">\n\t\t\t\t\t\t\t<i aria-hidden=\"true\" class=\"fas fa-check-circle\"><\/i>\t\t\t\t\t\t<\/span>\n\t\t\t\t\t\t\t\t\t\t<span class=\"elementor-icon-list-text\">Doublure de cylindre, <\/span>\n\t\t\t\t\t\t\t\t\t<\/li>\n\t\t\t\t\t\t\t\t<li class=\"elementor-icon-list-item\">\n\t\t\t\t\t\t\t\t\t\t\t<span class=\"elementor-icon-list-icon\">\n\t\t\t\t\t\t\t<i aria-hidden=\"true\" class=\"fas fa-check-circle\"><\/i>\t\t\t\t\t\t<\/span>\n\t\t\t\t\t\t\t\t\t\t<span class=\"elementor-icon-list-text\">R\u00e9vision de la bielle et du piston, <\/span>\n\t\t\t\t\t\t\t\t\t<\/li>\n\t\t\t\t\t\t\t\t<li class=\"elementor-icon-list-item\">\n\t\t\t\t\t\t\t\t\t\t\t<span class=\"elementor-icon-list-icon\">\n\t\t\t\t\t\t\t<i aria-hidden=\"true\" class=\"fas fa-check-circle\"><\/i>\t\t\t\t\t\t<\/span>\n\t\t\t\t\t\t\t\t\t\t<span class=\"elementor-icon-list-text\">Renouvellement du palier principal et du palier de but\u00e9e, <\/span>\n\t\t\t\t\t\t\t\t\t<\/li>\n\t\t\t\t\t\t\t\t<li class=\"elementor-icon-list-item\">\n\t\t\t\t\t\t\t\t\t\t\t<span class=\"elementor-icon-list-icon\">\n\t\t\t\t\t\t\t<i aria-hidden=\"true\" class=\"fas fa-check-circle\"><\/i>\t\t\t\t\t\t<\/span>\n\t\t\t\t\t\t\t\t\t\t<span class=\"elementor-icon-list-text\">Remplacement de l\u2019arbre \u00e0 cames et du buisson<\/span>\n\t\t\t\t\t\t\t\t\t<\/li>\n\t\t\t\t\t\t\t\t<li class=\"elementor-icon-list-item\">\n\t\t\t\t\t\t\t\t\t\t\t<span class=\"elementor-icon-list-icon\">\n\t\t\t\t\t\t\t<i aria-hidden=\"true\" class=\"fas fa-check-circle\"><\/i>\t\t\t\t\t\t<\/span>\n\t\t\t\t\t\t\t\t\t\t<span class=\"elementor-icon-list-text\">Renouvellement du vilebrequin, <\/span>\n\t\t\t\t\t\t\t\t\t<\/li>\n\t\t\t\t\t\t\t\t<li class=\"elementor-icon-list-item\">\n\t\t\t\t\t\t\t\t\t\t\t<span class=\"elementor-icon-list-icon\">\n\t\t\t\t\t\t\t<i aria-hidden=\"true\" class=\"fas fa-check-circle\"><\/i>\t\t\t\t\t\t<\/span>\n\t\t\t\t\t\t\t\t\t\t<span class=\"elementor-icon-list-text\">Train d\u2019engrenages, <\/span>\n\t\t\t\t\t\t\t\t\t<\/li>\n\t\t\t\t\t\t\t\t<li class=\"elementor-icon-list-item\">\n\t\t\t\t\t\t\t\t\t\t\t<span class=\"elementor-icon-list-icon\">\n\t\t\t\t\t\t\t<i aria-hidden=\"true\" class=\"fas fa-check-circle\"><\/i>\t\t\t\t\t\t<\/span>\n\t\t\t\t\t\t\t\t\t\t<span class=\"elementor-icon-list-text\">Renouvellement du bloc moteur, <\/span>\n\t\t\t\t\t\t\t\t\t<\/li>\n\t\t\t\t\t\t\t\t<li class=\"elementor-icon-list-item\">\n\t\t\t\t\t\t\t\t\t\t\t<span class=\"elementor-icon-list-icon\">\n\t\t\t\t\t\t\t<i aria-hidden=\"true\" class=\"fas fa-check-circle\"><\/i>\t\t\t\t\t\t<\/span>\n\t\t\t\t\t\t\t\t\t\t<span class=\"elementor-icon-list-text\">R\u00e9vision des pompes attach\u00e9es, <\/span>\n\t\t\t\t\t\t\t\t\t<\/li>\n\t\t\t\t\t\t\t\t<li class=\"elementor-icon-list-item\">\n\t\t\t\t\t\t\t\t\t\t\t<span class=\"elementor-icon-list-icon\">\n\t\t\t\t\t\t\t<i aria-hidden=\"true\" class=\"fas fa-check-circle\"><\/i>\t\t\t\t\t\t<\/span>\n\t\t\t\t\t\t\t\t\t\t<span class=\"elementor-icon-list-text\">Services de turbocompresseurs avec le partenaire Draaijer Turbo Services<\/span>\n\t\t\t\t\t\t\t\t\t<\/li>\n\t\t\t\t\t\t\t\t<li class=\"elementor-icon-list-item\">\n\t\t\t\t\t\t\t\t\t\t\t<span class=\"elementor-icon-list-icon\">\n\t\t\t\t\t\t\t<i aria-hidden=\"true\" class=\"fas fa-check-circle\"><\/i>\t\t\t\t\t\t<\/span>\n\t\t\t\t\t\t\t\t\t\t<span class=\"elementor-icon-list-text\">Service de s\u00e9paration et d\u00e9pannage.<\/span>\n\t\t\t\t\t\t\t\t\t<\/li>\n\t\t\t\t\t\t<\/ul>\n\t\t\t\t\t\t<\/div>\n\t\t\t\t<\/div>\n\t\t\t\t\t<\/div>\n\t\t<\/div>\n\t\t\t\t\t<\/div>\n\t\t<\/section>\n\t\t\t\t<\/div>\n\t\t","protected":false},"excerpt":{"rendered":"<p>MMPS Central Africa Marine Motors Power Services Central Africa, une entreprise qui fournit des pi\u00e8ces de rechange et des services de maintenance \u00e0 partir de plusieurs sites en Afrique pour les moteurs diesel\/gaz, turbocompresseurs, s\u00e9parateurs et autres moteurs auxiliaires depuis plus de 12 ans. services Gestion et assistance aux projets de r\u00e9vision et de pr\u00e9paration &hellip;<\/p>\n<p class=\"read-more\"> <a class=\"\" href=\"https:\/\/asmacmr.com\/fr\/mmps\/\"> <span class=\"screen-reader-text\">MMPS<\/span> Lire la suite\u00a0\u00bb<\/a><\/p>\n","protected":false},"author":1,"featured_media":0,"parent":0,"menu_order":0,"comment_status":"closed","ping_status":"closed","template":"elementor_header_footer","meta":{"site-sidebar-layout":"no-sidebar","site-content-layout":"page-builder","ast-main-header-display":"","ast-hfb-above-header-display":"","ast-hfb-below-header-display":"","ast-hfb-mobile-header-display":"","site-post-title":"disabled","ast-breadcrumbs-content":"","ast-featured-img":"disabled","footer-sml-layout":"","theme-transparent-header-meta":"","adv-header-id-meta":"","stick-header-meta":"","header-above-stick-meta":"","header-main-stick-meta":"","header-below-stick-meta":"","footnotes":""},"class_list":["post-679","page","type-page","status-publish","hentry"],"yoast_head":"<!-- This site is optimized with the Yoast SEO plugin v27.1.1 - https:\/\/yoast.com\/product\/yoast-seo-wordpress\/ -->\n<title>MMPS - ASMA<\/title>\n<meta name=\"robots\" content=\"index, follow, max-snippet:-1, max-image-preview:large, max-video-preview:-1\" \/>\n<link rel=\"canonical\" href=\"https:\/\/asmacmr.com\/fr\/mmps\/\" \/>\n<meta property=\"og:locale\" content=\"fr_FR\" \/>\n<meta property=\"og:type\" content=\"article\" \/>\n<meta property=\"og:title\" content=\"MMPS - ASMA\" \/>\n<meta property=\"og:description\" content=\"MMPS Central Africa Marine Motors Power Services Central Africa, une entreprise qui fournit des pi\u00e8ces de rechange et des services de maintenance \u00e0 partir de plusieurs sites en Afrique pour les moteurs diesel\/gaz, turbocompresseurs, s\u00e9parateurs et autres moteurs auxiliaires depuis plus de 12 ans. services Gestion et assistance aux projets de r\u00e9vision et de pr\u00e9paration &hellip; MMPS Lire la suite\u00a0\u00bb\" \/>\n<meta property=\"og:url\" content=\"https:\/\/asmacmr.com\/fr\/mmps\/\" \/>\n<meta property=\"og:site_name\" content=\"ASMA\" \/>\n<meta property=\"article:modified_time\" content=\"2022-04-22T08:16:36+00:00\" \/>\n<meta property=\"og:image\" content=\"https:\/\/asmacmr.com\/wp-content\/uploads\/2022\/04\/Picture-to-mix-with-logo-MMPS-1024x683.jpeg\" \/>\n<meta name=\"twitter:card\" content=\"summary_large_image\" \/>\n<meta name=\"twitter:label1\" content=\"Dur\u00e9e de lecture estim\u00e9e\" \/>\n\t<meta name=\"twitter:data1\" content=\"1 minute\" \/>\n<script type=\"application\/ld+json\" class=\"yoast-schema-graph\">{\"@context\":\"https:\/\/schema.org\",\"@graph\":[{\"@type\":\"WebPage\",\"@id\":\"https:\/\/asmacmr.com\/fr\/mmps\/\",\"url\":\"https:\/\/asmacmr.com\/fr\/mmps\/\",\"name\":\"MMPS - ASMA\",\"isPartOf\":{\"@id\":\"https:\/\/asmacmr.com\/#website\"},\"primaryImageOfPage\":{\"@id\":\"https:\/\/asmacmr.com\/fr\/mmps\/#primaryimage\"},\"image\":{\"@id\":\"https:\/\/asmacmr.com\/fr\/mmps\/#primaryimage\"},\"thumbnailUrl\":\"https:\/\/asmacmr.com\/wp-content\/uploads\/2022\/04\/Picture-to-mix-with-logo-MMPS-1024x683.jpeg\",\"datePublished\":\"2022-04-01T01:50:33+00:00\",\"dateModified\":\"2022-04-22T08:16:36+00:00\",\"breadcrumb\":{\"@id\":\"https:\/\/asmacmr.com\/fr\/mmps\/#breadcrumb\"},\"inLanguage\":\"fr-FR\",\"potentialAction\":[{\"@type\":\"ReadAction\",\"target\":[\"https:\/\/asmacmr.com\/fr\/mmps\/\"]}]},{\"@type\":\"ImageObject\",\"inLanguage\":\"fr-FR\",\"@id\":\"https:\/\/asmacmr.com\/fr\/mmps\/#primaryimage\",\"url\":\"https:\/\/asmacmr.com\/wp-content\/uploads\/2022\/04\/Picture-to-mix-with-logo-MMPS-1024x683.jpeg\",\"contentUrl\":\"https:\/\/asmacmr.com\/wp-content\/uploads\/2022\/04\/Picture-to-mix-with-logo-MMPS-1024x683.jpeg\"},{\"@type\":\"BreadcrumbList\",\"@id\":\"https:\/\/asmacmr.com\/fr\/mmps\/#breadcrumb\",\"itemListElement\":[{\"@type\":\"ListItem\",\"position\":1,\"name\":\"Home\",\"item\":\"https:\/\/asmacmr.com\/fr\/\"},{\"@type\":\"ListItem\",\"position\":2,\"name\":\"MMPS\"}]},{\"@type\":\"WebSite\",\"@id\":\"https:\/\/asmacmr.com\/#website\",\"url\":\"https:\/\/asmacmr.com\/\",\"name\":\"ASMA\",\"description\":\"Maintenance des groupes \u00e9lectrog\u00e8nes de production d\u2019\u00e9nergie dans les centrales thermiques et l\u2019ensemble des auxiliaires y aff\u00e9rant.\",\"potentialAction\":[{\"@type\":\"SearchAction\",\"target\":{\"@type\":\"EntryPoint\",\"urlTemplate\":\"https:\/\/asmacmr.com\/?s={search_term_string}\"},\"query-input\":{\"@type\":\"PropertyValueSpecification\",\"valueRequired\":true,\"valueName\":\"search_term_string\"}}],\"inLanguage\":\"fr-FR\"}]}<\/script>\n<!-- \/ Yoast SEO plugin. -->","yoast_head_json":{"title":"MMPS - ASMA","robots":{"index":"index","follow":"follow","max-snippet":"max-snippet:-1","max-image-preview":"max-image-preview:large","max-video-preview":"max-video-preview:-1"},"canonical":"https:\/\/asmacmr.com\/fr\/mmps\/","og_locale":"fr_FR","og_type":"article","og_title":"MMPS - ASMA","og_description":"MMPS Central Africa Marine Motors Power Services Central Africa, une entreprise qui fournit des pi\u00e8ces de rechange et des services de maintenance \u00e0 partir de plusieurs sites en Afrique pour les moteurs diesel\/gaz, turbocompresseurs, s\u00e9parateurs et autres moteurs auxiliaires depuis plus de 12 ans. services Gestion et assistance aux projets de r\u00e9vision et de pr\u00e9paration &hellip; MMPS Lire la suite\u00a0\u00bb","og_url":"https:\/\/asmacmr.com\/fr\/mmps\/","og_site_name":"ASMA","article_modified_time":"2022-04-22T08:16:36+00:00","og_image":[{"url":"https:\/\/asmacmr.com\/wp-content\/uploads\/2022\/04\/Picture-to-mix-with-logo-MMPS-1024x683.jpeg","type":"","width":"","height":""}],"twitter_card":"summary_large_image","twitter_misc":{"Dur\u00e9e de lecture estim\u00e9e":"1 minute"},"schema":{"@context":"https:\/\/schema.org","@graph":[{"@type":"WebPage","@id":"https:\/\/asmacmr.com\/fr\/mmps\/","url":"https:\/\/asmacmr.com\/fr\/mmps\/","name":"MMPS - ASMA","isPartOf":{"@id":"https:\/\/asmacmr.com\/#website"},"primaryImageOfPage":{"@id":"https:\/\/asmacmr.com\/fr\/mmps\/#primaryimage"},"image":{"@id":"https:\/\/asmacmr.com\/fr\/mmps\/#primaryimage"},"thumbnailUrl":"https:\/\/asmacmr.com\/wp-content\/uploads\/2022\/04\/Picture-to-mix-with-logo-MMPS-1024x683.jpeg","datePublished":"2022-04-01T01:50:33+00:00","dateModified":"2022-04-22T08:16:36+00:00","breadcrumb":{"@id":"https:\/\/asmacmr.com\/fr\/mmps\/#breadcrumb"},"inLanguage":"fr-FR","potentialAction":[{"@type":"ReadAction","target":["https:\/\/asmacmr.com\/fr\/mmps\/"]}]},{"@type":"ImageObject","inLanguage":"fr-FR","@id":"https:\/\/asmacmr.com\/fr\/mmps\/#primaryimage","url":"https:\/\/asmacmr.com\/wp-content\/uploads\/2022\/04\/Picture-to-mix-with-logo-MMPS-1024x683.jpeg","contentUrl":"https:\/\/asmacmr.com\/wp-content\/uploads\/2022\/04\/Picture-to-mix-with-logo-MMPS-1024x683.jpeg"},{"@type":"BreadcrumbList","@id":"https:\/\/asmacmr.com\/fr\/mmps\/#breadcrumb","itemListElement":[{"@type":"ListItem","position":1,"name":"Home","item":"https:\/\/asmacmr.com\/fr\/"},{"@type":"ListItem","position":2,"name":"MMPS"}]},{"@type":"WebSite","@id":"https:\/\/asmacmr.com\/#website","url":"https:\/\/asmacmr.com\/","name":"ASMA","description":"Maintenance des groupes \u00e9lectrog\u00e8nes de production d\u2019\u00e9nergie dans les centrales thermiques et l\u2019ensemble des auxiliaires y aff\u00e9rant.","potentialAction":[{"@type":"SearchAction","target":{"@type":"EntryPoint","urlTemplate":"https:\/\/asmacmr.com\/?s={search_term_string}"},"query-input":{"@type":"PropertyValueSpecification","valueRequired":true,"valueName":"search_term_string"}}],"inLanguage":"fr-FR"}]}},"_links":{"self":[{"href":"https:\/\/asmacmr.com\/fr\/wp-json\/wp\/v2\/pages\/679","targetHints":{"allow":["GET"]}}],"collection":[{"href":"https:\/\/asmacmr.com\/fr\/wp-json\/wp\/v2\/pages"}],"about":[{"href":"https:\/\/asmacmr.com\/fr\/wp-json\/wp\/v2\/types\/page"}],"author":[{"embeddable":true,"href":"https:\/\/asmacmr.com\/fr\/wp-json\/wp\/v2\/users\/1"}],"replies":[{"embeddable":true,"href":"https:\/\/asmacmr.com\/fr\/wp-json\/wp\/v2\/comments?post=679"}],"version-history":[{"count":26,"href":"https:\/\/asmacmr.com\/fr\/wp-json\/wp\/v2\/pages\/679\/revisions"}],"predecessor-version":[{"id":1262,"href":"https:\/\/asmacmr.com\/fr\/wp-json\/wp\/v2\/pages\/679\/revisions\/1262"}],"wp:attachment":[{"href":"https:\/\/asmacmr.com\/fr\/wp-json\/wp\/v2\/media?parent=679"}],"curies":[{"name":"wp","href":"https:\/\/api.w.org\/{rel}","templated":true}]}}